{"id":18829,"date":"2022-05-09T20:20:42","date_gmt":"2022-05-09T17:20:42","guid":{"rendered":"https:\/\/www.alfyapp.com\/?page_id=18829"},"modified":"2022-07-01T16:55:52","modified_gmt":"2022-07-01T13:55:52","slug":"alfy-ile-sur","status":"publish","type":"page","link":"https:\/\/www.alfy.com.tr\/?page_id=18829","title":{"rendered":"Alfy ile s\u00fcr!"},"content":{"rendered":"<p>[vc_row css_animation=&#8221;&#8221; row_type=&#8221;row&#8221; use_row_as_full_screen_section=&#8221;no&#8221; type=&#8221;full_width&#8221; angled_section=&#8221;no&#8221; text_align=&#8221;left&#8221; background_image_as_pattern=&#8221;without_pattern&#8221; css=&#8221;.vc_custom_1647894365957{margin-top: 20px !important;margin-bottom: 20px !important;}&#8221; z_index=&#8221;&#8221;][vc_column][vc_column_text]<\/p>\n<p class=\"elementor-heading-title elementor-size-default\" style=\"text-align: center; font-size: 28px;\"><span style=\"color: #000000;\"><strong>Alfy ile s\u00fcr!<\/strong><\/span><\/p>\n<p>[\/vc_column_text][vc_empty_space][\/vc_column][\/vc_row][vc_row css_animation=&#8221;&#8221; row_type=&#8221;row&#8221; use_row_as_full_screen_section=&#8221;no&#8221; type=&#8221;full_width&#8221; angled_section=&#8221;no&#8221; text_align=&#8221;left&#8221; background_image_as_pattern=&#8221;without_pattern&#8221; z_index=&#8221;&#8221;][vc_column width=&#8221;1\/2&#8243;][vc_column_text]<\/p>\n<p class=\"elementor-icon-box-title\" style=\"font-size: 1.4em; text-align: left;\"><span style=\"color: #000000;\"><strong><img loading=\"lazy\" decoding=\"async\" class=\"wp-image-18608 alignleft\" src=\"https:\/\/www.alfy.com.tr\/wp-content\/uploads\/2022\/06\/outline_calendar_month_black_24dp.png\" alt=\"\" width=\"70\" height=\"70\" \/>Esnek \u00e7al\u0131\u015fma saatleri <\/strong><\/span><\/p>\n<p style=\"text-align: left;\">7 g\u00fcn 24 saat kararla\u015ft\u0131r\u0131lan saatlerde kendinize \u00e7al\u0131\u015f\u0131n<\/p>\n<p>&nbsp;<\/p>\n<p class=\"elementor-icon-box-title\" style=\"font-size: 1.4em; text-align: left;\"><span style=\"color: #000000;\"><strong><img loading=\"lazy\" decoding=\"async\" class=\" wp-image-18607 alignleft\" src=\"https:\/\/www.alfy.com.tr\/wp-content\/uploads\/2022\/06\/outline_monetization_on_black_24dp.png\" alt=\"\" width=\"70\" height=\"70\" \/>Siz de Alfy olun, kazanmaya ba\u015flay\u0131n <\/strong><\/span><\/p>\n<div class=\"elementor-column elementor-col-33 elementor-top-column elementor-element elementor-element-c30435e\" style=\"text-align: left;\" data-id=\"c30435e\" data-element_type=\"column\">\n<div class=\"elementor-column-wrap elementor-element-populated\">\n<div class=\"elementor-widget-wrap\">\n<div class=\"elementor-element elementor-element-c2fe105 elementor-view-default elementor-position-top elementor-vertical-align-top elementor-widget elementor-widget-icon-box\" data-id=\"c2fe105\" data-element_type=\"widget\" data-widget_type=\"icon-box.default\">\n<div class=\"elementor-widget-container\">\n<div class=\"elementor-icon-box-wrapper\">\n<div class=\"elementor-icon-box-content\">\n<p class=\"elementor-icon-box-description\">\u00c7al\u0131\u015fma saatlerinize g\u00f6re ara\u00e7 kullanarak kazanmaya hemen ba\u015flay\u0131n<\/p>\n<p>&nbsp;<\/p>\n<\/div>\n<\/div>\n<\/div>\n<\/div>\n<\/div>\n<\/div>\n<\/div>\n<div class=\"elementor-column elementor-col-33 elementor-top-column elementor-element elementor-element-a08b5a3\" data-id=\"a08b5a3\" data-element_type=\"column\">\n<div class=\"elementor-column-wrap elementor-element-populated\">\n<div class=\"elementor-widget-wrap\">\n<div class=\"elementor-element elementor-element-04e0744 elementor-view-default elementor-position-top elementor-vertical-align-top elementor-widget elementor-widget-icon-box\" data-id=\"04e0744\" data-element_type=\"widget\" data-widget_type=\"icon-box.default\">\n<div class=\"elementor-widget-container\">\n<div class=\"elementor-icon-box-wrapper\">\n<div class=\"elementor-icon-box-content\">\n<p class=\"elementor-icon-box-title\" style=\"font-size: 1.4em; text-align: left;\"><span style=\"color: #000000;\"><strong><img loading=\"lazy\" decoding=\"async\" class=\" wp-image-18606 alignleft\" src=\"https:\/\/www.alfy.com.tr\/wp-content\/uploads\/2022\/06\/outline_assignment_black_24dp.png\" alt=\"\" width=\"71\" height=\"71\" \/>Hemen ba\u015fvurun <\/strong><\/span><\/p>\n<p style=\"text-align: left;\">\u015eimdi ba\u015fvuru formunu doldurun, gerekli testlerden sonra Alfy olun<\/p>\n<\/div>\n<\/div>\n<\/div>\n<\/div>\n<\/div>\n<\/div>\n<\/div>\n<p>[\/vc_column_text][\/vc_column][vc_column width=&#8221;1\/2&#8243;]\n<div class=\"wpcf7 no-js\" id=\"wpcf7-f18831-o1\" lang=\"tr-TR\" dir=\"ltr\" data-wpcf7-id=\"18831\">\n<div class=\"screen-reader-response\"><p role=\"status\" aria-live=\"polite\" aria-atomic=\"true\"><\/p> <ul><\/ul><\/div>\n<form action=\"\/index.php?rest_route=%2Fwp%2Fv2%2Fpages%2F18829#wpcf7-f18831-o1\" method=\"post\" class=\"wpcf7-form init cf7_custom_style_1\" aria-label=\"\u0130leti\u015fim Formu\" enctype=\"multipart\/form-data\" novalidate=\"novalidate\" data-status=\"init\">\n<div style=\"display: none;\">\n<input type=\"hidden\" name=\"_wpcf7\" value=\"18831\" \/>\n<input type=\"hidden\" name=\"_wpcf7_version\" value=\"6.0.6\" \/>\n<input type=\"hidden\" name=\"_wpcf7_locale\" value=\"tr_TR\" \/>\n<input type=\"hidden\" name=\"_wpcf7_unit_tag\" value=\"wpcf7-f18831-o1\" \/>\n<input type=\"hidden\" name=\"_wpcf7_container_post\" value=\"0\" \/>\n<input type=\"hidden\" name=\"_wpcf7_posted_data_hash\" value=\"\" \/>\n<\/div>\n<table border=\"0\" align=\"center\">\n\t<tr>\n<span class=\"wpcf7-form-control-wrap\" data-name=\"tel-159\"><input size=\"40\" maxlength=\"400\" class=\"wpcf7-form-control wpcf7-tel wpcf7-validates-as-required wpcf7-text wpcf7-validates-as-tel\" aria-required=\"true\" aria-invalid=\"false\" placeholder=\"Telefon numaras\u0131\" value=\"\" type=\"tel\" name=\"tel-159\" \/><\/span>\n\t<\/tr>\n\t<tr>\n<span class=\"wpcf7-form-control-wrap\" data-name=\"ad-soyad\"><input size=\"40\" maxlength=\"400\" class=\"wpcf7-form-control wpcf7-text wpcf7-validates-as-required\" aria-required=\"true\" aria-invalid=\"false\" placeholder=\"Ad Soyad\" value=\"\" type=\"text\" name=\"ad-soyad\" \/><\/span>\n\t<\/tr>\n\t<tr>\n<span class=\"wpcf7-form-control-wrap\" data-name=\"your-email\"><input size=\"40\" maxlength=\"400\" class=\"wpcf7-form-control wpcf7-email wpcf7-validates-as-required wpcf7-text wpcf7-validates-as-email\" aria-required=\"true\" aria-invalid=\"false\" placeholder=\"Email\" value=\"\" type=\"email\" name=\"your-email\" \/><\/span>\n\t<\/tr>\n\n<span class=\"wpcf7-form-control-wrap\" data-name=\"file-892\"><input size=\"40\" class=\"wpcf7-form-control wpcf7-file\" accept=\".pdf,.doc,.jpeg,.docx\" aria-invalid=\"false\" type=\"file\" name=\"file-892\" \/><\/span>\n\t<tr>\n\t\t<div style=\"padding-left: 185px;\">\n\t\t\t<p><input class=\"wpcf7-form-control wpcf7-submit has-spinner\" type=\"submit\" value=\"&nbsp;&nbsp;&nbsp;G\u00d6NDER&nbsp;&nbsp;&nbsp;\" \/>\n\t\t\t<\/p>\n\t\t<\/div>\n\t<\/tr>\n<\/table><p style=\"display: none !important;\" class=\"akismet-fields-container\" data-prefix=\"_wpcf7_ak_\"><label>&#916;<textarea name=\"_wpcf7_ak_hp_textarea\" cols=\"45\" rows=\"8\" maxlength=\"100\"><\/textarea><\/label><input type=\"hidden\" id=\"ak_js_1\" name=\"_wpcf7_ak_js\" value=\"20\"\/><script>document.getElementById( \"ak_js_1\" ).setAttribute( \"value\", ( new Date() ).getTime() );<\/script><\/p><div class=\"wpcf7-response-output\" aria-hidden=\"true\"><\/div>\n<\/form>\n<\/div>\n[\/vc_column][\/vc_row]<\/p>\n","protected":false},"excerpt":{"rendered":"<p>[vc_row css_animation=&#8221;&#8221; row_type=&#8221;row&#8221; use_row_as_full_screen_section=&#8221;no&#8221; type=&#8221;full_width&#8221; angled_section=&#8221;no&#8221; text_align=&#8221;left&#8221; background_image_as_pattern=&#8221;without_pattern&#8221; css=&#8221;.vc_custom_1647894365957{margin-top: 20px !important;margin-bottom: 20px !important;}&#8221; z_index=&#8221;&#8221;][vc_column][vc_column_text] Alfy ile s\u00fcr! [\/vc_column_text][vc_empty_space][\/vc_column][\/vc_row][vc_row css_animation=&#8221;&#8221; row_type=&#8221;row&#8221; use_row_as_full_screen_section=&#8221;no&#8221; type=&#8221;full_width&#8221; angled_section=&#8221;no&#8221; text_align=&#8221;left&#8221; background_image_as_pattern=&#8221;without_pattern&#8221; z_index=&#8221;&#8221;][vc_column width=&#8221;1\/2&#8243;][vc_column_text] Esnek \u00e7al\u0131\u015fma saatleri 7 g\u00fcn 24 saat kararla\u015ft\u0131r\u0131lan saatlerde kendinize \u00e7al\u0131\u015f\u0131n &nbsp; Siz de Alfy olun, kazanmaya ba\u015flay\u0131n&#8230;<\/p>\n","protected":false},"author":1,"featured_media":0,"parent":0,"menu_order":0,"comment_status":"closed","ping_status":"closed","template":"","meta":{"footnotes":""},"class_list":["post-18829","page","type-page","status-publish","hentry"],"_links":{"self":[{"href":"https:\/\/www.alfy.com.tr\/index.php?rest_route=\/wp\/v2\/pages\/18829","targetHints":{"allow":["GET"]}}],"collection":[{"href":"https:\/\/www.alfy.com.tr\/index.php?rest_route=\/wp\/v2\/pages"}],"about":[{"href":"https:\/\/www.alfy.com.tr\/index.php?rest_route=\/wp\/v2\/types\/page"}],"author":[{"embeddable":true,"href":"https:\/\/www.alfy.com.tr\/index.php?rest_route=\/wp\/v2\/users\/1"}],"replies":[{"embeddable":true,"href":"https:\/\/www.alfy.com.tr\/index.php?rest_route=%2Fwp%2Fv2%2Fcomments&post=18829"}],"version-history":[{"count":6,"href":"https:\/\/www.alfy.com.tr\/index.php?rest_route=\/wp\/v2\/pages\/18829\/revisions"}],"predecessor-version":[{"id":19128,"href":"https:\/\/www.alfy.com.tr\/index.php?rest_route=\/wp\/v2\/pages\/18829\/revisions\/19128"}],"wp:attachment":[{"href":"https:\/\/www.alfy.com.tr\/index.php?rest_route=%2Fwp%2Fv2%2Fmedia&parent=18829"}],"curies":[{"name":"wp","href":"https:\/\/api.w.org\/{rel}","templated":true}]}}