{"id":18826,"date":"2022-05-09T20:12:15","date_gmt":"2022-05-09T17:12:15","guid":{"rendered":"https:\/\/www.alfyapp.com\/?page_id=18826"},"modified":"2022-05-24T12:28:18","modified_gmt":"2022-05-24T09:28:18","slug":"kullanim-kosullari","status":"publish","type":"page","link":"https:\/\/www.alfy.com.tr\/?page_id=18826","title":{"rendered":"Kullan\u0131m Ko\u015fullar\u0131"},"content":{"rendered":"<p>[vc_row css_animation=&#8221;&#8221; row_type=&#8221;row&#8221; use_row_as_full_screen_section=&#8221;no&#8221; type=&#8221;full_width&#8221; angled_section=&#8221;no&#8221; text_align=&#8221;left&#8221; background_image_as_pattern=&#8221;without_pattern&#8221;][vc_column][vc_column_text]Kullan\u0131m Ko\u015fullar\u0131<\/p>\n<ol>\n<li>Alfy adl\u0131 mobil uygulamaya (\u201cUygulama\u201d) kay\u0131t olan m\u00fc\u015fteri (\u201cM\u00fc\u015fteri\u201d), hizmet sa\u011flay\u0131c\u0131 ALFRED Concierge Tan\u0131t\u0131m Hizmetleri A.\u015e. (\u201cALFRED\u201d)\u2019in bu Uygulama i\u00e7indeki hizmetler i\u00e7in talep etti\u011fi \u00fccretleri \u00f6demeyi ve a\u015fa\u011f\u0131da belirtilen ko\u015fullara uymay\u0131 kabul etmi\u015ftir. M\u00fc\u015fteri\u2019nin bu hususlara ili\u015fkin kabul\u00fc a\u015fa\u011f\u0131daki \u201cKo\u015fullar\u0131 okudum ve kabul ediyorum\u201d sekmesini i\u015faretlemesi ile tevsik edilmi\u015ftir.<\/li>\n<li>M\u00fc\u015fteri, Uygulama\u2019y\u0131 indirip, kay\u0131t i\u00e7in gerekli olan b\u00f6l\u00fcmleri doldurup GSM numaras\u0131n\u0131 onaylad\u0131ktan sonra \u015fifresini girerek, i\u015fbu Kullan\u0131m Ko\u015fullar\u0131 (\u201cKo\u015fullar\u201d) d\u00e2hilinde Uygulama\u2019y\u0131 kullanmaya ba\u015flayabilir. M\u00fc\u015fteri, kay\u0131t esnas\u0131nda verdi\u011fi t\u00fcm bilgilerin daima ve her bak\u0131mdan eksiksiz, ger\u00e7e\u011fe uygun,kendisine ait, g\u00fcncel oldu\u011funu ve bu bilgileri g\u00fcncel tutaca\u011f\u0131n\u0131 kabul eder. M\u00fc\u015fteri, her zaman ki\u015fisel bilgilerini Uygulama arac\u0131l\u0131\u011f\u0131yla g\u00fcncelleyebilir. Uygulama\u2019n\u0131n kullan\u0131m\u0131 \u00fccretsiz olup Uygulama i\u00e7indeki hizmetler \u00fccretlidir.<\/li>\n<li>M\u00fc\u015fteri, Uygulama\u2019y\u0131 kullanmas\u0131 i\u00e7in ALFRED ile payla\u015ft\u0131\u011f\u0131 ki\u015fisel verilerinin www.alfred.com.tradresinde yer alan Ayd\u0131nlatma Metni kapsam\u0131nda i\u015flenmesine ve bu itibarla ALFRED\u2019in yurtd\u0131\u015f\u0131nda bulunan serverlar\u0131na aktar\u0131m\u0131na onay verdi\u011fini kabul, beyan ve taahh\u00fct eder.<\/li>\n<li>M\u00fc\u015fteri, Uygulama\u2019ya kay\u0131t olup Uygulama\u2019y\u0131 a\u00e7t\u0131ktan sonra saatlik \u015fof\u00f6r, muayene ve\/veya vale butonlar\u0131na t\u0131klayarak, Uygulama arac\u0131l\u0131\u011f\u0131yla, diledi\u011fi hizmeti alabilir.<\/li>\n<li>M\u00fc\u015fteri, saatlik \u015fof\u00f6r ve ara\u00e7 muayene i\u015flemlerinde kendisine atanan personel ile mutab\u0131k kal\u0131nan randevu saatinde mutab\u0131k kal\u0131nan yerde bulu\u015fmay\u0131 kabul ve taahh\u00fct eder.<\/li>\n<li>M\u00fc\u015fteri bir kereye mahsus olmak \u00fczere kredi kart\u0131 bilgilerini Uygulama sistemine girer ve bu bilgiler daha sonraki kullan\u0131mlarda bir daha bilgi girmeyi gerektirmeden kullan\u0131l\u0131r. M\u00fc\u015fteri hizmet bedelini Uygulama\u2019daki \u00f6deme sistemi vas\u0131tas\u0131yla kredi kart\u0131n\u0131 kullanarak veya nakit olarak \u00f6deyebilir. Ara\u00e7 muayenesi i\u00e7in TUVTURK taraf\u0131ndan al\u0131nan bedeller nakit \u00f6denir.<\/li>\n<li>M\u00fc\u015fteri, taahh\u00fct etti\u011fi saat ve yerde bulunmaz ise ALFRED personeli toplam 15 dakika bekleyecek ve akabinde, hizmetin M\u00fc\u015fteri taahh\u00fcd\u00fcn\u00fc yerine getirmedi\u011fi i\u00e7in verilemedi\u011fini not ederek oradan ayr\u0131lacakt\u0131r. M\u00fc\u015fteri bu uygunsuzluk i\u00e7in sisteme kay\u0131tl\u0131 kredi kart\u0131ndan saatlik \u015fof\u00f6r hizmetinin kampanyas\u0131z birim bedelinin t\u00fcm\u00fcn\u00fcn tahsil edilmesini kabul, beyan ve taahh\u00fct eder.<\/li>\n<li>Hizmet bitti\u011finde ALFRED personeli yolculu\u011fu sonland\u0131r\u0131r ve hesaplanan tutar M\u00fc\u015fteri\u2019nin Uygulama ekran\u0131nda onay i\u00e7in g\u00f6r\u00fcn\u00fcr. Nakit olmayan yolculuklarda bunu takiben M\u00fc\u015fteri\u2019nin ekran\u0131nda \u00f6deme sayfas\u0131 belirir ve \u00f6denecek tutar\u0131n onaylanmas\u0131 istenir. M\u00fc\u015fteri sadece \u201cOnay\u201d tu\u015funa basarak \u00f6demeyi yapar. Onay tu\u015funa basarak \u00f6demeyi ALFRED\u2019e yapmas\u0131 ile M\u00fc\u015fteri hizmet bedelini s\u00fcr\u00fcc\u00fcye \u00f6demi\u015f say\u0131l\u0131r ve \u00f6deme y\u00fck\u00fcml\u00fcl\u00fc\u011f\u00fc sona erer. M\u00fc\u015fteri hizmeti ald\u0131\u011f\u0131 halde \u00f6deme onay\u0131 vermez ise, kay\u0131tl\u0131 kredi kart\u0131ndan hizmet bedelinin al\u0131nmas\u0131n\u0131 kabul, beyan ve taahh\u00fct eder.<\/li>\n<li>\u00d6demenin kredi kart\u0131yla yap\u0131lamamas\u0131 halinde M\u00fc\u015fteri \u00fccreti derhal nakit olarak \u00f6demekle y\u00fck\u00fcml\u00fcd\u00fcr.<\/li>\n<li>T\u00fcm rezervasyonlar hizmetten en az 90 dakika \u00f6nce \u00fccretsiz iptal edilebilir. Rezervasyonun hizmet saatine 90 dakikadan daha az bir s\u00fcre iptal edilmesi durumunda uygulamada kay\u0131tl\u0131 kredi kartlar\u0131ndan rezerve edilen s\u00fcre \u00fccretinin %50 \u2018si tahsil edilecektir. Rezervasyon 90 dakikadan az bir s\u00fcrede yap\u0131ld\u0131ysa, iptal 10 dk i\u00e7inde yap\u0131lmal\u0131d\u0131r. 10 dakikadan sonra rezerv edilen s\u00fcrenin %50\u2019si tahsil edilecektir.<\/li>\n<li>M\u00fc\u015fteri\u2019nin kredi kart\u0131 bilgileri ALFRED taraf\u0131ndan bilinmemekte, \u00f6deme altyap\u0131s\u0131 bu konuda yasal izinlere sahip kurulu\u015flar taraf\u0131ndan sa\u011flanmaktad\u0131r. Kredi kart\u0131 bilgilerinin 3. \u015fah\u0131slar\u0131n eline ge\u00e7mesinden ALFRED sorumlu tutulamaz.<\/li>\n<li>M\u00fc\u015fteri\u2019nin ak\u0131ll\u0131 cep telefonunun\/tabletinin \u00e7al\u0131nmas\u0131 veya kaybedilmesi halinde kredi kart\u0131 bilgilerine \u00fc\u00e7\u00fcnc\u00fc \u015fah\u0131slar ula\u015famaz fakat yine de M\u00fc\u015fteri taraf\u0131ndan ALFRED\u2019e bildirimde bulunarak girilen bilgilerin silinmesinin talep edilmesi gereklidir. Aksi takdirde \u00fc\u00e7\u00fcnc\u00fc \u015fah\u0131slar Uygulama\u2019y\u0131 kullanarak ALFRED hizmetini kullan\u0131p \u00f6demesini M\u00fc\u015fteri kredi kart\u0131ndan yapmaya devam edebilirler. B\u00f6yle bir durumdan ALFRED sorumlu tutulamaz.<\/li>\n<li>M\u00fc\u015fteri\u2019nin Ko\u015fullar\u2019a ayk\u0131r\u0131 davrand\u0131\u011f\u0131n\u0131n tespiti halinde, ALFRED, herhangi bir sorumlulu\u011fa maruz kalmaks\u0131z\u0131n, M\u00fc\u015fteri\u2019nin Uygulama \u00fcyeli\u011fini ask\u0131ya alma veya Uygulama\u2019dan tamamen \u00e7\u0131karma hakk\u0131n\u0131 sakl\u0131 tutar.<\/li>\n<li>M\u00fc\u015fteri, Uygulama\u2019y\u0131, Uygulama kapsam\u0131ndaki hizmetleri hukuka, Ko\u015fullar\u2019a ve amac\u0131na uygun \u015fekilde kullanmay\u0131 ve Uygulama d\u00e2hilinde yapt\u0131\u011f\u0131 her i\u015flem ve eylemdeki t\u00fcm sorumlulu\u011fun kendisine ait oldu\u011funu kabul eder. M\u00fc\u015fteri\u2019nin Uygulama arac\u0131l\u0131\u011f\u0131yla ve\/veya d\u00e2hilinde, i\u015fbu Ko\u015fullar\u2019a ve\/veya hukuka ayk\u0131r\u0131 olarak ger\u00e7ekle\u015ftirdi\u011fi herhangi bir i\u015flem, eylem ve\/veya faaliyetleri nedeniyle ALFRED do\u011frudan veya dolayl\u0131 olarak hi\u00e7bir \u015fekilde sorumlu tutulamaz.<\/li>\n<li>ALFRED, M\u00fc\u015fteri\u2019den kaynaklanan teknik aksakl\u0131klar veya ba\u015fka sebeplerle hizmetten faydalan\u0131lamamas\u0131 durumunda i\u015fbu Ko\u015fullar ile belirlenen y\u00fck\u00fcml\u00fcl\u00fcklerinden herhangi birini ifa edememesi nedeniyle sorumlu tutulamayacak ve kendisinden herhangi bir nam alt\u0131nda herhangi bir talepte bulunulamayacakt\u0131r.<\/li>\n<li>M\u00fc\u015fteri, Uygulama arac\u0131l\u0131\u011f\u0131yla ALFRED taraf\u0131ndan sunulan hizmetlerden yararlanabilmek amac\u0131yla kulland\u0131\u011f\u0131 sistem eri\u015fim ara\u00e7lar\u0131n\u0131n (kullan\u0131c\u0131 ismi, \u015fifre v.b.) g\u00fcvenli\u011fi, saklanmas\u0131, \u00fc\u00e7\u00fcnc\u00fc ki\u015filerin bilgisinden uzak tutulmas\u0131 ile ilgili t\u00fcm sorumlulu\u011fun tamamen kendisine ait oldu\u011funu kabul eder.<\/li>\n<li>M\u00fc\u015fteri, Uygulama d\u00e2hilinde bulunan, ALFRED ve\/veya ba\u015fka bir \u00fc\u00e7\u00fcnc\u00fc \u015fahs\u0131n ayni veya \u015fahsi haklar\u0131na, malvarl\u0131\u011f\u0131na tecav\u00fcz te\u015fkil edecek nitelikteki resimleri, metinleri, g\u00f6rsel ve i\u015fitsel imgeleri, video kliplerini, dosyalar\u0131, veri tabanlar\u0131n\u0131, kataloglar\u0131 ve listeleri \u00e7o\u011faltmayaca\u011f\u0131n\u0131, kopyalamayaca\u011f\u0131n\u0131, da\u011f\u0131tmayaca\u011f\u0131n\u0131, i\u015flemeyece\u011fini kabul eder.<\/li>\n<li>Uygulama kapsam\u0131nda hizmet sunan personel, su\u00e7 te\u015fkil edecek davran\u0131\u015f ve s\u00f6zlerinden dolay\u0131 ki\u015fisel olarak y\u00fcr\u00fcrl\u00fckteki yasal mevzuat h\u00fck\u00fcmlerine kendisi tabidir. B\u00f6yle durumlarda ALFRED\u2019in sorumlulu\u011fu yoktur.<\/li>\n<li>ALFRED\u2019den \u015fof\u00f6r hizmeti alan M\u00fc\u015fteri, arac\u0131n\u0131 3. bir \u015fahsa kendi iste\u011fi ile kulland\u0131rd\u0131\u011f\u0131n\u0131 ve ara\u00e7 sahibi veya kullan\u0131c\u0131s\u0131 olarak buna ba\u011fl\u0131 hukuki sorumlulu\u011funun fark\u0131nda oldu\u011funu ve bu sorumlulu\u011fu bizzat kendisinin ald\u0131\u011f\u0131n\u0131 beyan ve kabul eder.<\/li>\n<li>Hizmet talep edilen arac\u0131n kasko ve zorunlu trafik sigortas\u0131 yok ise ALFRED hizmet vermeme hakk\u0131na sahiptir.<\/li>\n<li>Hizmet esnas\u0131nda olu\u015facak yang\u0131n, kaza veya hasarda M\u00fc\u015fteri hasar\u0131n giderilmesi i\u00e7in kendi ara\u00e7 sigortalar\u0131n\u0131 kullanaca\u011f\u0131n\u0131, meydana gelen maddi veya manevi t\u00fcm zararlar ve tazminatlardan bizzat sorumlu oldu\u011funu bunlar i\u00e7in ALFRED\u2019den hi\u00e7bir maddi\/manevi tazminat talebinde bulunmayaca\u011f\u0131n\u0131, bu haklardan feragat etti\u011fini beyan ve taahh\u00fct eder.<\/li>\n<li>M\u00fc\u015fteri; ALFRED\u2019in ikame ara\u00e7 temin edilmesinden ve\/veya hasarl\u0131 arac\u0131n de\u011fer kayb\u0131n\u0131n kar\u015f\u0131lanmas\u0131ndan sorumlu olmad\u0131\u011f\u0131n\u0131, arac\u0131n boyas\u0131nda \u00f6n ve arka tamponlar ve \u00e7amurluklarda bulunan \u00e7iziklerden veya ara\u00e7 i\u00e7indeki herhangi bir hasardan ALFRED\u2019in sorumlu olmad\u0131\u011f\u0131n\u0131, bunlara ili\u015fkin ALFRED\u2019den hi\u00e7bir maddi\/manevi tazminat talebinde bulunmayaca\u011f\u0131n\u0131, bu haklardan feragat etti\u011fini beyan ve taahh\u00fct eder.<\/li>\n<li>M\u00fc\u015fteri;ALFRED taraf\u0131ndan sunulan di\u011fer concierge hizmetlerinin ifas\u0131 s\u0131ras\u0131nda ALFRED\u2019in as\u0131l tedarik\u00e7iler, \u015fof\u00f6r ile M\u00fc\u015fteri aras\u0131nda sadece bir arac\u0131 olarak hizmet sundu\u011funu bu nedenle meydana gelebilecek maddi manevi zararlar ve hasarlar ile ilgili olarak ALFRED\u2019in herhangi bir sorumlulu\u011fu olmad\u0131\u011f\u0131n\u0131 kabul ile ilgili her t\u00fcrl\u00fc haklar\u0131ndan feragat etti\u011fini beyan ve taahh\u00fct eder.<\/li>\n<\/ol>\n<p>&nbsp;<\/p>\n<ol start=\"24\">\n<li>G\u0130ZL\u0130L\u0130K POL\u0130T\u0130KASI VE IZINLER<\/li>\n<\/ol>\n<p>ALFRED a\u015fa\u011f\u0131daki bilgileri toplar:<\/p>\n<p>Tan\u0131mlama bilgileri (ad, soyad, cep telefonu numaras\u0131, e-posta adresi, ara\u00e7 plakas\u0131, ara\u00e7 markas\u0131-modeli, ara\u00e7 lastik markas\u0131 ve ebatlar\u0131, ara\u00e7 muayene biti\u015f tarihi).<\/p>\n<p>Kullan\u0131lan mobil ayg\u0131t\u0131n i\u015fletim sistemi versiyonu bilgisi.<\/p>\n<p>Kullan\u0131lan mobil ayg\u0131ttan edinilen konum bilgileri.<\/p>\n<p>Hizmet sonunda personele verilen oylama bilgisi ve yorumlar.<\/p>\n<p>ALFRED bu bilgileri hangi ama\u00e7la kullan\u0131r?<\/p>\n<p>Kimlik do\u011frulamak (verilen cep telefonu numaras\u0131na do\u011frulama kodu g\u00f6nderme vas\u0131tas\u0131yla).<\/p>\n<p>M\u00fc\u015fteri deste\u011fi sa\u011flamak ve sorun gidermek.<\/p>\n<p>Servis g\u00fcncellemeleri ve hatalar hakk\u0131nda bilgilendirmek.<\/p>\n<p>Uygulama ile ilgili kampanyalar hakk\u0131nda M\u00fc\u015fteri\u2019yi bilgilendirmek.<\/p>\n<p>Personelin hizmet iste\u011fini teyit etmek istemesi durumunda personel taraf\u0131ndan M\u00fc\u015fteri\u2019nin aranabilmesi.<\/p>\n<p>Ki\u015fisel bilgilerin payla\u015f\u0131m\u0131:<\/p>\n<p>ALFRED, ilgili yasalar gere\u011fi y\u00fck\u00fcml\u00fc olmad\u0131k\u00e7a veya yetkili makamlar\u0131n emriyle istenmedik\u00e7e ki\u015fisel verileri ve\/veya trafik verilerini ya da ileti\u015fim i\u00e7eri\u011fini, i\u015fbu Ko\u015fullar\u2019da onay verilen durumlar haricinde M\u00fc\u015fteri\u2019nin a\u00e7\u0131k izni olmadan satmaz, kiralamaz, pazarlamaz veya ba\u015fka \u015fekilde aktarmaz.<\/p>\n<p>ALFRED, di\u011fer yasal ve Ko\u015fullar\u2019da belirtilen haklar\u0131 sakl\u0131 olmak \u00fczere, yasal gereklilikleri kar\u015f\u0131lamak, yasal haklar\u0131 do\u011frultusunda hareket etmek veya yasal hak taleplerine kar\u015f\u0131 kendini savunmak, ALFRED\u2019in menfaatlerini korumak, doland\u0131r\u0131c\u0131l\u0131\u011fa kar\u015f\u0131 m\u00fccadele etmek ve ilkeleri uygulamak ya da herhangi bir ki\u015finin haklar\u0131n\u0131, mal\u0131n\u0131 veya g\u00fcvenli\u011fini korumak i\u00e7in ki\u015fisel bilgileri ilgili yasal makamlara gelen yasal istek do\u011frultusunda a\u00e7\u0131klayabilir.<\/p>\n<p>M\u00fc\u015fteri\u2019nin ALFRED hizmetlerini daha h\u0131zl\u0131 ve etkin bir \u015fekilde kullanabilmesi i\u00e7in oturum cookie (\u00e7erez)\u2019leri M\u00fc\u015fteri cihazlar\u0131nda saklanmaktad\u0131r. M\u00fc\u015fteri dilerse bu bilgilerin tutulmas\u0131n\u0131 cihaz ayarlar\u0131nda yapaca\u011f\u0131 de\u011fi\u015fiklikle engelleyebilir. Ancak bunu yapmas\u0131 durumunda ALFRED servisinin t\u00fcm fonksiyonlar\u0131ndan yararlanamayabilir. ALFRED, i\u015fbu Ko\u015fullar\u0131n Gizlilik Politikas\u0131 \u00fczerinde zaman zaman de\u011fi\u015fiklik yapmak hakk\u0131n\u0131 sakl\u0131 tutar. Herhangi bir de\u011fi\u015fiklik yap\u0131lmas\u0131 durumunda ilgili bilgi M\u00fc\u015fteri\u2019ye verilecektir.<\/p>\n<ol start=\"25\">\n<li>Uygulama\u2019n\u0131n tasar\u0131m, metin, imge, html kodu ve di\u011fer kodlar da d\u00e2hil ve fakat bunlarla s\u0131n\u0131rl\u0131 olmamak kayd\u0131yla, t\u00fcm unsurlar\u0131 (\u201cALFRED\u2019in telif haklar\u0131na tabi \u00e7al\u0131\u015fmalar\u201d) ALFRED\u2019e aittir. M\u00fc\u015fteri, ALFRED hizmetlerini, ALFRED bilgilerini ve ALFRED\u2019in telif haklar\u0131na tabi \u00e7al\u0131\u015fmalar\u0131n\u0131 ticari ama\u00e7la kullanamaz. M\u00fc\u015fteri ALFRED\u2019in yaz\u0131l\u0131 izni olmaks\u0131z\u0131n, ALFRED\u2019in telif haklar\u0131na tabi \u00e7al\u0131\u015fmalar\u0131n\u0131 \u00e7o\u011faltamaz, da\u011f\u0131tamaz veya bunlardan t\u00fcremi\u015f \u00e7al\u0131\u015fmalar yapamaz veya haz\u0131rlayamaz.<\/li>\n<li>ALFRED\u2019in; ALFRED hizmetleri, ALFRED bilgileri, ALFRED telif haklar\u0131na tabi \u00e7al\u0131\u015fmalar\u0131, ALFRED ticari markalar\u0131, ALFRED ticari g\u00f6r\u00fcn\u00fcm\u00fc veya Uygulama vas\u0131tas\u0131yla sahip oldu\u011fu her t\u00fcr maddi ve fikri m\u00fclkiyet haklar\u0131 da d\u00e2hil t\u00fcm malvarl\u0131\u011f\u0131, ayni ve \u015fahsi haklar\u0131, ticari bilgi ve know-how\u2019a y\u00f6nelik t\u00fcm haklar\u0131 sakl\u0131d\u0131r.<\/li>\n<li>ALFRED, tamamen kendi takdirine ba\u011fl\u0131 ve tek tarafl\u0131 olarak, Ko\u015fullar\u0131, uygun g\u00f6rece\u011fi herhangi bir zamanda, Uygulama \u00fczerinden ilan ederek de\u011fi\u015ftirebilir. \u0130\u015fbu Ko\u015fullar\u2019\u0131n de\u011fi\u015fen h\u00fck\u00fcmleri, ilan edildikleri tarihte veya sonras\u0131nda, M\u00fc\u015fteri taraf\u0131ndan Uygulama \u00fczerinden on-line kabul edilmesi ile ge\u00e7erlilik kazanacak, geri kalan h\u00fck\u00fcmler aynen y\u00fcr\u00fcrl\u00fckte kalarak h\u00fck\u00fcm ve sonu\u00e7lar\u0131n\u0131 do\u011furmaya devam edecektir.<\/li>\n<li>M\u00fccbir sebep say\u0131lan t\u00fcm durumlarda ALFRED, i\u015fbu Ko\u015fullar ile belirlenen edimlerinden herhangi birini ge\u00e7 veya eksik ifa etme veya ifa etmeme nedeniyle y\u00fck\u00fcml\u00fc de\u011fildir. Bu ve bunun gibi durumlar, ALFRED i\u00e7in, gecikme, eksik ifa etme veya ifa etmeme veya temerr\u00fct addedilmeyecek veya bu durumlar i\u00e7in ALFRED\u2019den herhangi bir nam alt\u0131nda tazminat talep edilemeyecektir. \u201cM\u00fccbir sebep\u201d terimi; do\u011fal afet, isyan, sava\u015f, grev, ileti\u015fim sorunlar\u0131, altyap\u0131 ve internet ar\u0131zalar\u0131, elektrik kesintisi ve k\u00f6t\u00fc hava ko\u015fullar\u0131 da d\u00e2hil ve fakat bunlarla s\u0131n\u0131rl\u0131 olmamak kayd\u0131yla; ilgili taraf\u0131n makul kontrol\u00fc haricinde ve ALFRED\u2019in gerekli \u00f6zeni g\u00f6stermesine ra\u011fmen \u00f6nleyemedi\u011fi, ka\u00e7\u0131n\u0131lamayacak olaylar olarak yorumlanacakt\u0131r.<\/li>\n<li>\u0130\u015fbu Ko\u015fullar, M\u00fc\u015fteri\u2019nin \u00fcyeli\u011fi sona erinceye kadar y\u00fcr\u00fcrl\u00fckte kalacak ve Taraflar aras\u0131nda h\u00fck\u00fcm ve sonu\u00e7lar\u0131n\u0131 do\u011furmaya devam edecektir.<\/li>\n<li>ALFRED, M\u00fc\u015fteri\u2019nin i\u015fbu Ko\u015fullar d\u00e2hilinde belirtilen h\u00fck\u00fcmlere ve Uygulama i\u00e7inde yer alan kullan\u0131ma, \u00fcyeli\u011fe ve ALFRED hizmetlerine ili\u015fkin benzeri kurallara ayk\u0131r\u0131 hareket etmesi durumunda; M\u00fc\u015fteri \u00fcyeli\u011fini tek tarafl\u0131 olarak feshedebilecektir.<\/li>\n<li>M\u00fc\u015fteri, i\u015fbu Ko\u015fullar d\u00e2hilinde do\u011fabilecek ihtilaflarda, ALFRED\u2019in kendi veri taban\u0131nda veya sunucular\u0131nda tuttu\u011fu elektronik kay\u0131tlar\u0131n ve sistem kay\u0131tlar\u0131n\u0131n, ticari kay\u0131tlar\u0131n\u0131n, defter kay\u0131tlar\u0131n\u0131n, mikrofilm, mikrofi\u015f ve bilgisayar kay\u0131tlar\u0131n\u0131n muteber, ba\u011flay\u0131c\u0131, kesin ve m\u00fcnhas\u0131r delil te\u015fkil edece\u011fini; ALFRED\u2019i yemin teklifinden ari k\u0131ld\u0131\u011f\u0131n\u0131 ve bu maddenin HMK 193. madde anlam\u0131nda delil s\u00f6zle\u015fmesi niteli\u011finde oldu\u011funu kabul eder.<\/li>\n<li>\u0130\u015fbu Ko\u015fullar ve hizmetler kapsam\u0131nda ALFRED\u2019in ve hizmet sa\u011flayan personelin sorumlulu\u011fu a\u011f\u0131r ihmal ve kas\u0131t ile do\u011frudan zararla s\u0131n\u0131rl\u0131 olup, ALFRED\u2019inve hizmet sa\u011flayan personelin toplam sorumlulu\u011fu sorumlulu\u011fa sebep olan hizmete ili\u015fkin M\u00fc\u015fteri\u2019nin \u00f6dedi\u011fi \u00fccreti a\u015fmayacakt\u0131r.<\/li>\n<li>\u0130\u015fbu Ko\u015fullar M\u00fc\u015fteri\u2019nin elektronik olarak onay vermesi ile kar\u015f\u0131l\u0131kl\u0131 olarak kabul edilerek y\u00fcr\u00fcrl\u00fc\u011fe girmi\u015ftir<\/li>\n<li>\u0130\u015fbu Ko\u015fullar\u2019dan kaynaklanacak ihtilaflar\u0131n \u00e7\u00f6z\u00fcm\u00fcnde \u0130stanbul Merkez (\u00c7a\u011flayan) Mahkemeleri ve \u0130cra M\u00fcd\u00fcrl\u00fckleri yetkili k\u0131l\u0131nm\u0131\u015ft\u0131r.<\/li>\n<li>Ticari Elektronik \u0130leti<\/li>\n<\/ol>\n<p>M\u00fc\u015fteri, ALFRED taraf\u0131ndan sunulan hizmetlere ili\u015fkin yenilikler, reklam ile duyurulardan haberdar olmak, taraf\u0131n\u0131za \u00e7e\u015fitli avantajlar\u0131n sa\u011flan\u0131p sunulabilmesi ve size \u00f6zel tan\u0131t\u0131m, promosyon, reklam, sat\u0131\u015f, pazarlama ve benzer ama\u00e7l\u0131 her t\u00fcrl\u00fc elektronik ileti\u015fimin telefon, k\u0131sa mesaj (SMS), e-posta ve benzeri yollarla yap\u0131lmas\u0131 ve di\u011fer ileti\u015fim mesajlar\u0131n\u0131n g\u00f6nderilmesi i\u00e7in a\u015fa\u011f\u0131daki \u201cKabul Ediyorum\u201d se\u00e7ene\u011fine t\u0131klayabilir.&#8221;[\/vc_column_text][vc_empty_space height=&#8221;45px&#8221;][\/vc_column][\/vc_row]<\/p>\n","protected":false},"excerpt":{"rendered":"<p>[vc_row css_animation=&#8221;&#8221; row_type=&#8221;row&#8221; use_row_as_full_screen_section=&#8221;no&#8221; type=&#8221;full_width&#8221; angled_section=&#8221;no&#8221; text_align=&#8221;left&#8221; background_image_as_pattern=&#8221;without_pattern&#8221;][vc_column][vc_column_text]Kullan\u0131m Ko\u015fullar\u0131 Alfy adl\u0131 mobil uygulamaya (\u201cUygulama\u201d) kay\u0131t olan m\u00fc\u015fteri (\u201cM\u00fc\u015fteri\u201d), hizmet sa\u011flay\u0131c\u0131 ALFRED Concierge Tan\u0131t\u0131m Hizmetleri A.\u015e. (\u201cALFRED\u201d)\u2019in bu Uygulama i\u00e7indeki hizmetler i\u00e7in talep etti\u011fi \u00fccretleri \u00f6demeyi ve a\u015fa\u011f\u0131da belirtilen ko\u015fullara uymay\u0131 kabul etmi\u015ftir. M\u00fc\u015fteri\u2019nin bu hususlara&#8230;<\/p>\n","protected":false},"author":1,"featured_media":0,"parent":0,"menu_order":0,"comment_status":"closed","ping_status":"closed","template":"","meta":{"footnotes":""},"class_list":["post-18826","page","type-page","status-publish","hentry"],"_links":{"self":[{"href":"https:\/\/www.alfy.com.tr\/index.php?rest_route=\/wp\/v2\/pages\/18826","targetHints":{"allow":["GET"]}}],"collection":[{"href":"https:\/\/www.alfy.com.tr\/index.php?rest_route=\/wp\/v2\/pages"}],"about":[{"href":"https:\/\/www.alfy.com.tr\/index.php?rest_route=\/wp\/v2\/types\/page"}],"author":[{"embeddable":true,"href":"https:\/\/www.alfy.com.tr\/index.php?rest_route=\/wp\/v2\/users\/1"}],"replies":[{"embeddable":true,"href":"https:\/\/www.alfy.com.tr\/index.php?rest_route=%2Fwp%2Fv2%2Fcomments&post=18826"}],"version-history":[{"count":2,"href":"https:\/\/www.alfy.com.tr\/index.php?rest_route=\/wp\/v2\/pages\/18826\/revisions"}],"predecessor-version":[{"id":18895,"href":"https:\/\/www.alfy.com.tr\/index.php?rest_route=\/wp\/v2\/pages\/18826\/revisions\/18895"}],"wp:attachment":[{"href":"https:\/\/www.alfy.com.tr\/index.php?rest_route=%2Fwp%2Fv2%2Fmedia&parent=18826"}],"curies":[{"name":"wp","href":"https:\/\/api.w.org\/{rel}","templated":true}]}}